{"id":797,"date":"2019-11-01T11:27:00","date_gmt":"2019-11-01T11:27:00","guid":{"rendered":"http:\/\/www.asyachting.fr\/?page_id=797"},"modified":"2025-11-02T14:20:53","modified_gmt":"2025-11-02T14:20:53","slug":"fil-dactualites","status":"publish","type":"page","link":"http:\/\/asyachting.fr\/?page_id=797","title":{"rendered":"FIL D&rsquo;ACTUALIT\u00c9S"},"content":{"rendered":"\n<p><\/p>\n\n\n\n<figure class=\"wp-block-video\"><video height=\"544\" style=\"aspect-ratio: 960 \/ 544;\" width=\"960\" controls src=\"http:\/\/asyachting.fr\/wp-content\/uploads\/2013\/05\/VIDEO-2025-salon-nautique.mp4\"><\/video><\/figure>\n\n\n\n<figure class=\"wp-block-image size-large\"><img loading=\"lazy\" decoding=\"async\" width=\"819\" height=\"1024\" src=\"https:\/\/asyachting.fr\/wp-content\/uploads\/2025\/10\/819-1024.jpg\" alt=\"\" class=\"wp-image-1188\" srcset=\"http:\/\/asyachting.fr\/wp-content\/uploads\/2025\/10\/819-1024.jpg 819w, http:\/\/asyachting.fr\/wp-content\/uploads\/2025\/10\/819-1024-240x300.jpg 240w, http:\/\/asyachting.fr\/wp-content\/uploads\/2025\/10\/819-1024-768x960.jpg 768w\" sizes=\"auto, (max-width: 819px) 100vw, 819px\" \/><figcaption>Prolongation de l&rsquo;offre pendant le salon nautique du Cap d&rsquo;Agde et jusqu&rsquo;au 06 Novembre<\/figcaption><\/figure>\n\n\n\n<figure class=\"wp-block-image size-large\"><img loading=\"lazy\" decoding=\"async\" width=\"1024\" height=\"567\" src=\"https:\/\/asyachting.fr\/wp-content\/uploads\/2025\/10\/Accueil-salon_nautique_cap_d_agde_bateau_occasion_neuf_accastillage_herault_occitanie-achat-vente-bateau-moteur-voilier-2025-copie-1200x664-1-1024x567.jpg\" alt=\"\" class=\"wp-image-1186\" srcset=\"http:\/\/asyachting.fr\/wp-content\/uploads\/2025\/10\/Accueil-salon_nautique_cap_d_agde_bateau_occasion_neuf_accastillage_herault_occitanie-achat-vente-bateau-moteur-voilier-2025-copie-1200x664-1-1024x567.jpg 1024w, http:\/\/asyachting.fr\/wp-content\/uploads\/2025\/10\/Accueil-salon_nautique_cap_d_agde_bateau_occasion_neuf_accastillage_herault_occitanie-achat-vente-bateau-moteur-voilier-2025-copie-1200x664-1-300x166.jpg 300w, http:\/\/asyachting.fr\/wp-content\/uploads\/2025\/10\/Accueil-salon_nautique_cap_d_agde_bateau_occasion_neuf_accastillage_herault_occitanie-achat-vente-bateau-moteur-voilier-2025-copie-1200x664-1-768x425.jpg 768w, http:\/\/asyachting.fr\/wp-content\/uploads\/2025\/10\/Accueil-salon_nautique_cap_d_agde_bateau_occasion_neuf_accastillage_herault_occitanie-achat-vente-bateau-moteur-voilier-2025-copie-1200x664-1-500x277.jpg 500w, http:\/\/asyachting.fr\/wp-content\/uploads\/2025\/10\/Accueil-salon_nautique_cap_d_agde_bateau_occasion_neuf_accastillage_herault_occitanie-achat-vente-bateau-moteur-voilier-2025-copie-1200x664-1.jpg 1200w\" sizes=\"auto, (max-width: 1024px) 100vw, 1024px\" \/><\/figure>\n\n\n\n<figure class=\"wp-block-image size-large\"><img loading=\"lazy\" decoding=\"async\" width=\"798\" height=\"835\" src=\"https:\/\/asyachting.fr\/wp-content\/uploads\/2023\/11\/art.png\" alt=\"\" class=\"wp-image-1180\" srcset=\"http:\/\/asyachting.fr\/wp-content\/uploads\/2023\/11\/art.png 798w, http:\/\/asyachting.fr\/wp-content\/uploads\/2023\/11\/art-287x300.png 287w, http:\/\/asyachting.fr\/wp-content\/uploads\/2023\/11\/art-768x804.png 768w\" sizes=\"auto, (max-width: 798px) 100vw, 798px\" \/><\/figure>\n\n\n\n<p><strong>Membrane fusion M6<\/strong> <strong>pour J112E<\/strong><\/p>\n\n\n\n<figure class=\"wp-block-image size-large\"><img loading=\"lazy\" decoding=\"async\" width=\"1024\" height=\"577\" src=\"http:\/\/asyachting.fr\/wp-content\/uploads\/2023\/07\/d056f972-c6b3-4581-899e-426cb1988644-1-1024x577.jpg\" alt=\"\" class=\"wp-image-1177\" srcset=\"http:\/\/asyachting.fr\/wp-content\/uploads\/2023\/07\/d056f972-c6b3-4581-899e-426cb1988644-1-1024x577.jpg 1024w, http:\/\/asyachting.fr\/wp-content\/uploads\/2023\/07\/d056f972-c6b3-4581-899e-426cb1988644-1-300x169.jpg 300w, http:\/\/asyachting.fr\/wp-content\/uploads\/2023\/07\/d056f972-c6b3-4581-899e-426cb1988644-1-768x432.jpg 768w, http:\/\/asyachting.fr\/wp-content\/uploads\/2023\/07\/d056f972-c6b3-4581-899e-426cb1988644-1-1536x865.jpg 1536w, http:\/\/asyachting.fr\/wp-content\/uploads\/2023\/07\/d056f972-c6b3-4581-899e-426cb1988644-1-500x282.jpg 500w, http:\/\/asyachting.fr\/wp-content\/uploads\/2023\/07\/d056f972-c6b3-4581-899e-426cb1988644-1.jpg 1600w\" sizes=\"auto, (max-width: 1024px) 100vw, 1024px\" \/><\/figure>\n\n\n\n<figure class=\"wp-block-image size-large\"><img loading=\"lazy\" decoding=\"async\" width=\"577\" height=\"1024\" src=\"http:\/\/asyachting.fr\/wp-content\/uploads\/2023\/07\/81387b20-3680-4dcf-8216-3312d731e5b6-1-577x1024.jpg\" alt=\"\" class=\"wp-image-1176\" srcset=\"http:\/\/asyachting.fr\/wp-content\/uploads\/2023\/07\/81387b20-3680-4dcf-8216-3312d731e5b6-1-577x1024.jpg 577w, http:\/\/asyachting.fr\/wp-content\/uploads\/2023\/07\/81387b20-3680-4dcf-8216-3312d731e5b6-1-169x300.jpg 169w, http:\/\/asyachting.fr\/wp-content\/uploads\/2023\/07\/81387b20-3680-4dcf-8216-3312d731e5b6-1-768x1364.jpg 768w, http:\/\/asyachting.fr\/wp-content\/uploads\/2023\/07\/81387b20-3680-4dcf-8216-3312d731e5b6-1-865x1536.jpg 865w, http:\/\/asyachting.fr\/wp-content\/uploads\/2023\/07\/81387b20-3680-4dcf-8216-3312d731e5b6-1.jpg 901w\" sizes=\"auto, (max-width: 577px) 100vw, 577px\" \/><\/figure>\n\n\n\n<p><\/p>\n\n\n\n<p>La membrane Fusion M6 est con\u00e7ue pour r\u00e9pondre aux exigences de charges \u00e9lev\u00e9es des grands bateaux de croisi\u00e8re, des multicoques et des croiseurs qui refusent de faire des compromis. Un m\u00e9lange personnalis\u00e9 d\u2019aramide et de fibre de carbone donne \u00e0 la Fusion M6 la forme de pr\u00e9cision d\u2019une voile de course avec la fiabilit\u00e9, la robustesse et la durabilit\u00e9 \u00e0 long terme d\u2019une voile de croisi\u00e8re. Le Fusion M6 offre non seulement une tenue de forme initiale, mais augmente \u00e9galement consid\u00e9rablement la dur\u00e9e de vie de la forme pour des performances sup\u00e9rieures, le contr\u00f4le du talon, la facilit\u00e9 d\u2019ajustement et l\u2019am\u00e9lioration du reefing et de l\u2019enroulement.<\/p>\n\n\n\n<p><strong>Membrane fusion M5 pour J11S<\/strong><\/p>\n\n\n\n<figure class=\"wp-block-image size-large\"><img loading=\"lazy\" decoding=\"async\" width=\"1024\" height=\"577\" src=\"https:\/\/asyachting.fr\/wp-content\/uploads\/2023\/07\/f66c97a9-a00c-4f9a-896f-79334acea311-1024x577.jpg\" alt=\"\" class=\"wp-image-1151\" srcset=\"http:\/\/asyachting.fr\/wp-content\/uploads\/2023\/07\/f66c97a9-a00c-4f9a-896f-79334acea311-1024x577.jpg 1024w, http:\/\/asyachting.fr\/wp-content\/uploads\/2023\/07\/f66c97a9-a00c-4f9a-896f-79334acea311-300x169.jpg 300w, http:\/\/asyachting.fr\/wp-content\/uploads\/2023\/07\/f66c97a9-a00c-4f9a-896f-79334acea311-768x432.jpg 768w, http:\/\/asyachting.fr\/wp-content\/uploads\/2023\/07\/f66c97a9-a00c-4f9a-896f-79334acea311-1536x865.jpg 1536w, http:\/\/asyachting.fr\/wp-content\/uploads\/2023\/07\/f66c97a9-a00c-4f9a-896f-79334acea311-500x282.jpg 500w, http:\/\/asyachting.fr\/wp-content\/uploads\/2023\/07\/f66c97a9-a00c-4f9a-896f-79334acea311.jpg 1600w\" sizes=\"auto, (max-width: 1024px) 100vw, 1024px\" \/><\/figure>\n\n\n\n<figure class=\"wp-block-image size-large\"><img loading=\"lazy\" decoding=\"async\" width=\"768\" height=\"1024\" src=\"https:\/\/asyachting.fr\/wp-content\/uploads\/2023\/07\/5e6e032b-3af3-4001-9b7b-e6a1bdb95532.jpg\" alt=\"\" class=\"wp-image-1153\" srcset=\"http:\/\/asyachting.fr\/wp-content\/uploads\/2023\/07\/5e6e032b-3af3-4001-9b7b-e6a1bdb95532.jpg 768w, http:\/\/asyachting.fr\/wp-content\/uploads\/2023\/07\/5e6e032b-3af3-4001-9b7b-e6a1bdb95532-225x300.jpg 225w\" sizes=\"auto, (max-width: 768px) 100vw, 768px\" \/><\/figure>\n\n\n\n<figure class=\"wp-block-image size-large\"><img loading=\"lazy\" decoding=\"async\" width=\"768\" height=\"1024\" src=\"https:\/\/asyachting.fr\/wp-content\/uploads\/2023\/07\/93105f51-96db-4bb5-adc2-1d77a3c91888.jpg\" alt=\"\" class=\"wp-image-1154\" srcset=\"http:\/\/asyachting.fr\/wp-content\/uploads\/2023\/07\/93105f51-96db-4bb5-adc2-1d77a3c91888.jpg 768w, http:\/\/asyachting.fr\/wp-content\/uploads\/2023\/07\/93105f51-96db-4bb5-adc2-1d77a3c91888-225x300.jpg 225w\" sizes=\"auto, (max-width: 768px) 100vw, 768px\" \/><\/figure>\n\n\n\n<figure class=\"wp-block-image size-large\"><img loading=\"lazy\" decoding=\"async\" width=\"1024\" height=\"577\" src=\"https:\/\/asyachting.fr\/wp-content\/uploads\/2023\/07\/f12d8fe1-9cd3-4814-ad91-88091ec55e92-1024x577.jpg\" alt=\"\" class=\"wp-image-1155\" srcset=\"http:\/\/asyachting.fr\/wp-content\/uploads\/2023\/07\/f12d8fe1-9cd3-4814-ad91-88091ec55e92-1024x577.jpg 1024w, http:\/\/asyachting.fr\/wp-content\/uploads\/2023\/07\/f12d8fe1-9cd3-4814-ad91-88091ec55e92-300x169.jpg 300w, http:\/\/asyachting.fr\/wp-content\/uploads\/2023\/07\/f12d8fe1-9cd3-4814-ad91-88091ec55e92-768x432.jpg 768w, http:\/\/asyachting.fr\/wp-content\/uploads\/2023\/07\/f12d8fe1-9cd3-4814-ad91-88091ec55e92-1536x865.jpg 1536w, http:\/\/asyachting.fr\/wp-content\/uploads\/2023\/07\/f12d8fe1-9cd3-4814-ad91-88091ec55e92-500x282.jpg 500w, http:\/\/asyachting.fr\/wp-content\/uploads\/2023\/07\/f12d8fe1-9cd3-4814-ad91-88091ec55e92.jpg 1600w\" sizes=\"auto, (max-width: 1024px) 100vw, 1024px\" \/><\/figure>\n\n\n\n<figure class=\"wp-block-image size-large\"><img loading=\"lazy\" decoding=\"async\" width=\"768\" height=\"1024\" src=\"https:\/\/asyachting.fr\/wp-content\/uploads\/2023\/07\/f452c45f-5ad2-4530-b46e-df096d7e89c8.jpg\" alt=\"\" class=\"wp-image-1156\" srcset=\"http:\/\/asyachting.fr\/wp-content\/uploads\/2023\/07\/f452c45f-5ad2-4530-b46e-df096d7e89c8.jpg 768w, http:\/\/asyachting.fr\/wp-content\/uploads\/2023\/07\/f452c45f-5ad2-4530-b46e-df096d7e89c8-225x300.jpg 225w\" sizes=\"auto, (max-width: 768px) 100vw, 768px\" \/><\/figure>\n\n\n\n<p><strong>Membrane fusion M5 pour J11S<\/strong><\/p>\n\n\n\n<p>Fiabilit\u00e9 et polyvalence font de la Fusion M5 la voile \u00e0 membrane par excellence pour les bateaux de petite et moyenne taille (25-40\u2019)<\/p>\n\n\n\n<p>&nbsp;Le m\u00e9lange personnalis\u00e9 d&rsquo;aramide et de carbone permet d&rsquo;obtenir une voile l\u00e9g\u00e8re avec des performances globales sup\u00e9rieures et une facilit\u00e9 de r\u00e9glage.<\/p>\n\n\n\n<p>Gr\u00e2ce au processus de conception de pointe iQ Technology\u00ae de Quantum, chaque voile Fusion M Racing est d\u00e9velopp\u00e9e et optimis\u00e9e sp\u00e9cifiquement pour votre bateau et vos d\u00e9fis de course. La conception de la voile personnalis\u00e9e est d\u00e9velopp\u00e9e \u00e0 l&rsquo;aide des m\u00e9thodes de construction et de fa\u00e7onnage de la membrane les plus avanc\u00e9es du secteur pour garantir des formes infiniment r\u00e9p\u00e9tables et sans pr\u00e9c\u00e9dent dans un ensemble facile \u00e0 r\u00e9gler. Une large gamme de fibres et de filaments, combin\u00e9e aux derni\u00e8res options de rev\u00eatement, offre l&rsquo;\u00e9quilibre entre performance pure et durabilit\u00e9. Toutes les voiles Fusion M sont disponibles en options square-top ou pin-head et en peaux VX (noire ou grise) ou Matte (grise).<\/p>\n\n\n\n<p><\/p>\n\n\n\n<p><\/p>\n\n\n\n<p><strong>Retrouvez nous au 22\u00e8me salon nautique du Cap d&rsquo;agde, du 28 Octobre au 01 Novembre .<\/strong><\/p>\n\n\n\n<figure class=\"wp-block-image size-large\"><img loading=\"lazy\" decoding=\"async\" width=\"1024\" height=\"763\" src=\"http:\/\/asyachting.fr\/wp-content\/uploads\/2021\/10\/IMG_8240-salon-2021-1024x763.jpg\" alt=\"\" class=\"wp-image-1141\" srcset=\"http:\/\/asyachting.fr\/wp-content\/uploads\/2021\/10\/IMG_8240-salon-2021-1024x763.jpg 1024w, http:\/\/asyachting.fr\/wp-content\/uploads\/2021\/10\/IMG_8240-salon-2021-300x224.jpg 300w, http:\/\/asyachting.fr\/wp-content\/uploads\/2021\/10\/IMG_8240-salon-2021-768x572.jpg 768w, http:\/\/asyachting.fr\/wp-content\/uploads\/2021\/10\/IMG_8240-salon-2021-1536x1144.jpg 1536w, http:\/\/asyachting.fr\/wp-content\/uploads\/2021\/10\/IMG_8240-salon-2021-2048x1526.jpg 2048w, http:\/\/asyachting.fr\/wp-content\/uploads\/2021\/10\/IMG_8240-salon-2021-403x300.jpg 403w\" sizes=\"auto, (max-width: 1024px) 100vw, 1024px\" \/><\/figure>\n\n\n\n<figure class=\"wp-block-image size-large\"><img loading=\"lazy\" decoding=\"async\" width=\"1024\" height=\"598\" src=\"http:\/\/asyachting.fr\/wp-content\/uploads\/2021\/10\/IMG_8238-salon-2021-1024x598.jpg\" alt=\"\" class=\"wp-image-1140\" srcset=\"http:\/\/asyachting.fr\/wp-content\/uploads\/2021\/10\/IMG_8238-salon-2021-1024x598.jpg 1024w, http:\/\/asyachting.fr\/wp-content\/uploads\/2021\/10\/IMG_8238-salon-2021-300x175.jpg 300w, http:\/\/asyachting.fr\/wp-content\/uploads\/2021\/10\/IMG_8238-salon-2021-768x448.jpg 768w, http:\/\/asyachting.fr\/wp-content\/uploads\/2021\/10\/IMG_8238-salon-2021-1536x897.jpg 1536w, http:\/\/asyachting.fr\/wp-content\/uploads\/2021\/10\/IMG_8238-salon-2021-2048x1196.jpg 2048w, http:\/\/asyachting.fr\/wp-content\/uploads\/2021\/10\/IMG_8238-salon-2021-500x292.jpg 500w\" sizes=\"auto, (max-width: 1024px) 100vw, 1024px\" \/><\/figure>\n\n\n\n<figure class=\"wp-block-image size-large\"><img loading=\"lazy\" decoding=\"async\" width=\"768\" height=\"1024\" src=\"http:\/\/asyachting.fr\/wp-content\/uploads\/2021\/10\/IMG_8236-salon-2021-768x1024.jpg\" alt=\"\" class=\"wp-image-1139\" srcset=\"http:\/\/asyachting.fr\/wp-content\/uploads\/2021\/10\/IMG_8236-salon-2021-768x1024.jpg 768w, http:\/\/asyachting.fr\/wp-content\/uploads\/2021\/10\/IMG_8236-salon-2021-225x300.jpg 225w, http:\/\/asyachting.fr\/wp-content\/uploads\/2021\/10\/IMG_8236-salon-2021-1152x1536.jpg 1152w, http:\/\/asyachting.fr\/wp-content\/uploads\/2021\/10\/IMG_8236-salon-2021-1536x2048.jpg 1536w, http:\/\/asyachting.fr\/wp-content\/uploads\/2021\/10\/IMG_8236-salon-2021-scaled.jpg 1920w\" sizes=\"auto, (max-width: 768px) 100vw, 768px\" \/><figcaption><strong>Retrouvez nous jusqu&rsquo;\u00e0 lundi au 22\u00e8me salon nautique du Cap d&rsquo;Agde<\/strong><\/figcaption><\/figure>\n\n\n\n<h2 class=\"wp-block-heading\">Rapha\u00ebl &#8211; QUANTUM SAILS AGDE pr\u00e9sent aux r\u00e9gates royales de Cannes et aux voiles de saint-tropez 2021<\/h2>\n\n\n\n<figure class=\"wp-block-image size-full\"><img loading=\"lazy\" decoding=\"async\" width=\"1024\" height=\"684\" src=\"http:\/\/asyachting.fr\/wp-content\/uploads\/2021\/09\/regate-raph-2021.png\" alt=\"\" class=\"wp-image-1102\" srcset=\"http:\/\/asyachting.fr\/wp-content\/uploads\/2021\/09\/regate-raph-2021.png 1024w, http:\/\/asyachting.fr\/wp-content\/uploads\/2021\/09\/regate-raph-2021-300x200.png 300w, http:\/\/asyachting.fr\/wp-content\/uploads\/2021\/09\/regate-raph-2021-768x513.png 768w, http:\/\/asyachting.fr\/wp-content\/uploads\/2021\/09\/regate-raph-2021-449x300.png 449w, http:\/\/asyachting.fr\/wp-content\/uploads\/2021\/09\/regate-raph-2021-120x80.png 120w\" sizes=\"auto, (max-width: 1024px) 100vw, 1024px\" \/><\/figure>\n\n\n\n<p><\/p>\n\n\n\n<figure class=\"wp-block-gallery columns-1 is-cropped wp-block-gallery-1 is-layout-flex wp-block-gallery-is-layout-flex\"><ul class=\"blocks-gallery-grid\"><li class=\"blocks-gallery-item\"><figure><img loading=\"lazy\" decoding=\"async\" width=\"673\" height=\"391\" src=\"http:\/\/asyachting.fr\/wp-content\/uploads\/2021\/09\/regate-raph-2021-1.jpg\" alt=\"\" data-id=\"1105\" data-link=\"http:\/\/asyachting.fr\/?attachment_id=1105\" class=\"wp-image-1105\" srcset=\"http:\/\/asyachting.fr\/wp-content\/uploads\/2021\/09\/regate-raph-2021-1.jpg 673w, http:\/\/asyachting.fr\/wp-content\/uploads\/2021\/09\/regate-raph-2021-1-300x174.jpg 300w, http:\/\/asyachting.fr\/wp-content\/uploads\/2021\/09\/regate-raph-2021-1-500x290.jpg 500w\" sizes=\"auto, (max-width: 673px) 100vw, 673px\" \/><\/figure><\/li><\/ul><\/figure>\n\n\n\n<figure class=\"wp-block-gallery columns-1 is-cropped wp-block-gallery-2 is-layout-flex wp-block-gallery-is-layout-flex\"><ul class=\"blocks-gallery-grid\"><li class=\"blocks-gallery-item\"><figure><img loading=\"lazy\" decoding=\"async\" width=\"1024\" height=\"518\" src=\"http:\/\/asyachting.fr\/wp-content\/uploads\/2021\/09\/regate-raph-2021-2-1-1024x518.jpg\" alt=\"\" data-id=\"1108\" data-full-url=\"http:\/\/asyachting.fr\/wp-content\/uploads\/2021\/09\/regate-raph-2021-2-1.jpg\" data-link=\"http:\/\/asyachting.fr\/?attachment_id=1108\" class=\"wp-image-1108\" srcset=\"http:\/\/asyachting.fr\/wp-content\/uploads\/2021\/09\/regate-raph-2021-2-1-1024x518.jpg 1024w, http:\/\/asyachting.fr\/wp-content\/uploads\/2021\/09\/regate-raph-2021-2-1-300x152.jpg 300w, http:\/\/asyachting.fr\/wp-content\/uploads\/2021\/09\/regate-raph-2021-2-1-768x388.jpg 768w, http:\/\/asyachting.fr\/wp-content\/uploads\/2021\/09\/regate-raph-2021-2-1-500x253.jpg 500w, http:\/\/asyachting.fr\/wp-content\/uploads\/2021\/09\/regate-raph-2021-2-1.jpg 1078w\" sizes=\"auto, (max-width: 1024px) 100vw, 1024px\" \/><\/figure><\/li><\/ul><\/figure>\n\n\n\n<p><\/p>\n\n\n\n<figure class=\"wp-block-image size-large\"><img loading=\"lazy\" decoding=\"async\" width=\"1024\" height=\"768\" src=\"http:\/\/asyachting.fr\/wp-content\/uploads\/2020\/10\/IMG_1220-1024x768.jpg\" alt=\"\" class=\"wp-image-1033\" srcset=\"http:\/\/asyachting.fr\/wp-content\/uploads\/2020\/10\/IMG_1220-1024x768.jpg 1024w, http:\/\/asyachting.fr\/wp-content\/uploads\/2020\/10\/IMG_1220-300x225.jpg 300w, http:\/\/asyachting.fr\/wp-content\/uploads\/2020\/10\/IMG_1220-768x576.jpg 768w, http:\/\/asyachting.fr\/wp-content\/uploads\/2020\/10\/IMG_1220-1536x1152.jpg 1536w, http:\/\/asyachting.fr\/wp-content\/uploads\/2020\/10\/IMG_1220-400x300.jpg 400w, http:\/\/asyachting.fr\/wp-content\/uploads\/2020\/10\/IMG_1220-160x120.jpg 160w, http:\/\/asyachting.fr\/wp-content\/uploads\/2020\/10\/IMG_1220.jpg 2016w\" sizes=\"auto, (max-width: 1024px) 100vw, 1024px\" \/><\/figure>\n\n\n\n<p><\/p>\n\n\n\n<p><\/p>\n\n\n<p>Nous serons pr\u00e9sents au grand pavois \u00e0 la rochelle du 28 Septembre au 03 Octobre 2021 et au salon nautique du Cap d&rsquo;Agde du 28 Octobre au 01 Novembre 2021 .<\/p>\n<p><\/p>\n<div id=\"attachment_1001\" style=\"width: 594px\" class=\"wp-caption aligncenter\"><a href=\"http:\/\/asyachting.fr\/wp-content\/uploads\/2015\/09\/IMG_4204.jpg\"><img loading=\"lazy\" decoding=\"async\" aria-describedby=\"caption-attachment-1001\" class=\"wp-image-1001 size-large\" src=\"http:\/\/asyachting.fr\/wp-content\/uploads\/2015\/09\/IMG_4204-1024x768.jpg\" alt=\"IMG_4204\" width=\"584\" height=\"438\" srcset=\"http:\/\/asyachting.fr\/wp-content\/uploads\/2015\/09\/IMG_4204-1024x768.jpg 1024w, http:\/\/asyachting.fr\/wp-content\/uploads\/2015\/09\/IMG_4204-300x225.jpg 300w, http:\/\/asyachting.fr\/wp-content\/uploads\/2015\/09\/IMG_4204-400x300.jpg 400w, http:\/\/asyachting.fr\/wp-content\/uploads\/2015\/09\/IMG_4204-160x120.jpg 160w\" sizes=\"auto, (max-width: 584px) 100vw, 584px\" \/><\/a><p id=\"caption-attachment-1001\" class=\"wp-caption-text\">20 \u00e8me salon nautique d&rsquo;automne 2019 Cap d&rsquo;Agde<\/p><\/div>\n<p><a href=\"http:\/\/asyachting.fr\/wp-content\/uploads\/2019\/11\/IMG_4197.jpg\"><img loading=\"lazy\" decoding=\"async\" class=\"aligncenter size-large wp-image-1002\" src=\"http:\/\/asyachting.fr\/wp-content\/uploads\/2019\/11\/IMG_4197-768x1024.jpg\" alt=\"IMG_4197\" width=\"584\" height=\"779\" srcset=\"http:\/\/asyachting.fr\/wp-content\/uploads\/2019\/11\/IMG_4197-768x1024.jpg 768w, http:\/\/asyachting.fr\/wp-content\/uploads\/2019\/11\/IMG_4197-225x300.jpg 225w\" sizes=\"auto, (max-width: 584px) 100vw, 584px\" \/><\/a><\/p>\n\n\n<h2 class=\"wp-block-heading\"><\/h2>\n","protected":false},"excerpt":{"rendered":"<p>Membrane fusion M6 pour J112E La membrane Fusion M6 est con\u00e7ue pour r\u00e9pondre aux exigences de charges \u00e9lev\u00e9es des grands bateaux de croisi\u00e8re, des multicoques et des croiseurs qui refusent de faire des compromis. Un m\u00e9lange personnalis\u00e9 d\u2019aramide et de &hellip; <a href=\"http:\/\/asyachting.fr\/?page_id=797\">Continuer la lecture <span class=\"meta-nav\">&rarr;<\/span><\/a><\/p>\n","protected":false},"author":1,"featured_media":0,"parent":0,"menu_order":0,"comment_status":"closed","ping_status":"closed","template":"","meta":{"footnotes":""},"class_list":["post-797","page","type-page","status-publish","hentry"],"_links":{"self":[{"href":"http:\/\/asyachting.fr\/index.php?rest_route=\/wp\/v2\/pages\/797","targetHints":{"allow":["GET"]}}],"collection":[{"href":"http:\/\/asyachting.fr\/index.php?rest_route=\/wp\/v2\/pages"}],"about":[{"href":"http:\/\/asyachting.fr\/index.php?rest_route=\/wp\/v2\/types\/page"}],"author":[{"embeddable":true,"href":"http:\/\/asyachting.fr\/index.php?rest_route=\/wp\/v2\/users\/1"}],"replies":[{"embeddable":true,"href":"http:\/\/asyachting.fr\/index.php?rest_route=%2Fwp%2Fv2%2Fcomments&post=797"}],"version-history":[{"count":29,"href":"http:\/\/asyachting.fr\/index.php?rest_route=\/wp\/v2\/pages\/797\/revisions"}],"predecessor-version":[{"id":1194,"href":"http:\/\/asyachting.fr\/index.php?rest_route=\/wp\/v2\/pages\/797\/revisions\/1194"}],"wp:attachment":[{"href":"http:\/\/asyachting.fr\/index.php?rest_route=%2Fwp%2Fv2%2Fmedia&parent=797"}],"curies":[{"name":"wp","href":"https:\/\/api.w.org\/{rel}","templated":true}]}}