{"id":688,"date":"2014-08-28T14:02:13","date_gmt":"2014-08-28T14:02:13","guid":{"rendered":"http:\/\/www.asyachting.fr\/?page_id=688"},"modified":"2017-04-02T12:47:53","modified_gmt":"2017-04-02T12:47:53","slug":"greement","status":"publish","type":"page","link":"https:\/\/asyachting.fr\/?page_id=688","title":{"rendered":"GREEMENT"},"content":{"rendered":"<p>&#8211; Toute intervention sur m\u00e2t (c\u00e2blage \u00e9lectrique, \u00e9quipements t\u00eate de m\u00e2t&#8230;)<\/p>\n<p>&#8211; Changement de m\u00e2t, nous travaillons avec plusieurs marques afin de proposer des solutions adapt\u00e9es au programme de navigation du bateau et au budget de son propri\u00e9taire&#8230;<\/p>\n<div id=\"attachment_712\" style=\"width: 160px\" class=\"wp-caption alignleft\"><a href=\"http:\/\/www.asyachting.fr\/wp-content\/uploads\/2014\/08\/IMG_2817.jpg\"><img loading=\"lazy\" decoding=\"async\" aria-describedby=\"caption-attachment-712\" class=\"wp-image-712 size-thumbnail\" src=\"http:\/\/www.asyachting.fr\/wp-content\/uploads\/2014\/08\/IMG_2817-150x150.jpg\" alt=\"\" width=\"150\" height=\"150\" \/><\/a><p id=\"caption-attachment-712\" class=\"wp-caption-text\">Pose d&rsquo;un m\u00e2t s\u00e9lden neuf sur oc\u00e9anis 390<\/p><\/div>\n<p><a href=\"http:\/\/www.asyachting.fr\/wp-content\/uploads\/2014\/08\/IMG_2826.jpg\"><img loading=\"lazy\" decoding=\"async\" class=\"alignleft size-thumbnail wp-image-713\" src=\"http:\/\/www.asyachting.fr\/wp-content\/uploads\/2014\/08\/IMG_2826-150x150.jpg\" alt=\"IMG_2826\" width=\"150\" height=\"150\" \/><\/a><\/p>\n<p><a href=\"http:\/\/www.asyachting.fr\/wp-content\/uploads\/2014\/08\/IMG_2824.jpg\"><img loading=\"lazy\" decoding=\"async\" class=\"alignleft size-thumbnail wp-image-711\" src=\"http:\/\/www.asyachting.fr\/wp-content\/uploads\/2014\/08\/IMG_2824-150x150.jpg\" alt=\"IMG_2824\" width=\"150\" height=\"150\" \/><\/a><\/p>\n<p><a href=\"http:\/\/www.asyachting.fr\/wp-content\/uploads\/2014\/08\/IMG_2821.jpg\"><img loading=\"lazy\" decoding=\"async\" class=\"alignleft size-thumbnail wp-image-714\" src=\"http:\/\/www.asyachting.fr\/wp-content\/uploads\/2014\/08\/IMG_2821-150x150.jpg\" alt=\"IMG_2821\" width=\"150\" height=\"150\" \/><\/a><\/p>\n<p>&nbsp;<\/p>\n<p>&nbsp;<\/p>\n<p>&nbsp;<\/p>\n<p>&nbsp;<\/p>\n<p>&nbsp;<\/p>\n<p>&nbsp;<\/p>\n<p>&nbsp;<\/p>\n<p>&nbsp;<\/p>\n<p>&nbsp;<\/p>\n<p>&nbsp;<\/p>\n<p>&#8211; C\u00e2bles sur mesure (monotorons, dyform, rod), nos c\u00e2bles sont fabriqu\u00e9s dans les ateliers VMG ils sont v\u00e9rifi\u00e9s, certifi\u00e9s et garantis (livraison en 48 h)<\/p>\n<p>&nbsp;<\/p>\n<div id=\"attachment_690\" style=\"width: 160px\" class=\"wp-caption alignleft\"><a href=\"http:\/\/www.asyachting.fr\/wp-content\/uploads\/2014\/08\/cable-inox-monotoron-1x19-d3.jpg\"><img loading=\"lazy\" decoding=\"async\" aria-describedby=\"caption-attachment-690\" class=\"wp-image-690 size-thumbnail\" src=\"http:\/\/www.asyachting.fr\/wp-content\/uploads\/2014\/08\/cable-inox-monotoron-1x19-d3-150x150.jpg\" alt=\"Monotoron rigide allongement moyen, bonne fiabilit\u00e9, co\u00fbt mod\u00e9r\u00e9, possibilit\u00e9 d'utiliser des embouts manuels\" width=\"150\" height=\"150\" srcset=\"https:\/\/asyachting.fr\/wp-content\/uploads\/2014\/08\/cable-inox-monotoron-1x19-d3-150x150.jpg 150w, https:\/\/asyachting.fr\/wp-content\/uploads\/2014\/08\/cable-inox-monotoron-1x19-d3.jpg 264w\" sizes=\"auto, (max-width: 150px) 100vw, 150px\" \/><\/a><p id=\"caption-attachment-690\" class=\"wp-caption-text\">Monotoron rigide<br \/> allongement moyen, bonne fiabilit\u00e9, co\u00fbt mod\u00e9r\u00e9, possibilit\u00e9 d&rsquo;utiliser des embouts manuels<\/p><\/div>\n<div id=\"attachment_692\" style=\"width: 131px\" class=\"wp-caption alignleft\"><a href=\"http:\/\/www.asyachting.fr\/wp-content\/uploads\/2014\/08\/cable-monotoron-extra-souple-7-x-19-.jpg\"><img loading=\"lazy\" decoding=\"async\" aria-describedby=\"caption-attachment-692\" class=\"wp-image-692\" src=\"http:\/\/www.asyachting.fr\/wp-content\/uploads\/2014\/08\/cable-monotoron-extra-souple-7-x-19-.jpg\" alt=\"Monotoron extra souple Ne se sertit pas. Accepte le passage dans les r\u00e9as. Sert aux drisses mixtes c\u00e2ble \/ textile. \" width=\"121\" height=\"121\" \/><\/a><p id=\"caption-attachment-692\" class=\"wp-caption-text\">Monotoron extra souple<br \/> Ne se sertit pas. Accepte le passage dans les r\u00e9as. Sert aux drisses mixtes c\u00e2ble \/ textile.<\/p><\/div>\n<div id=\"attachment_693\" style=\"width: 133px\" class=\"wp-caption alignleft\"><a href=\"http:\/\/www.asyachting.fr\/wp-content\/uploads\/2014\/08\/cable-1-x-19-compact-aisi-316-1.jpg\"><img loading=\"lazy\" decoding=\"async\" aria-describedby=\"caption-attachment-693\" class=\"size-full wp-image-693\" src=\"http:\/\/www.asyachting.fr\/wp-content\/uploads\/2014\/08\/cable-1-x-19-compact-aisi-316-1.jpg\" alt=\"Dyform Evolution du monotoron, plus compact, meilleure r\u00e9sistance et allongement moindre \u00e0 effort \u00e9gal\" width=\"123\" height=\"122\" \/><\/a><p id=\"caption-attachment-693\" class=\"wp-caption-text\">Dyform<br \/>Evolution du monotoron, plus compact, meilleure r\u00e9sistance et allongement moindre \u00e0 effort \u00e9gal<\/p><\/div>\n<div id=\"attachment_694\" style=\"width: 160px\" class=\"wp-caption alignleft\"><a href=\"http:\/\/www.asyachting.fr\/wp-content\/uploads\/2014\/08\/cable-7-x-7-pvc-gaine-e1409237815839.jpg\"><img loading=\"lazy\" decoding=\"async\" aria-describedby=\"caption-attachment-694\" class=\"size-thumbnail wp-image-694\" src=\"http:\/\/www.asyachting.fr\/wp-content\/uploads\/2014\/08\/cable-7-x-7-pvc-gaine-150x150.jpg\" alt=\"gain\u00e9 PVC Pour fili\u00e8res, bastaques, haubans\" width=\"150\" height=\"150\" \/><\/a><p id=\"caption-attachment-694\" class=\"wp-caption-text\">gain\u00e9 PVC<br \/>Pour fili\u00e8res, bastaques, haubans<\/p><\/div>\n<div id=\"attachment_696\" style=\"width: 130px\" class=\"wp-caption alignleft\"><a href=\"http:\/\/www.asyachting.fr\/wp-content\/uploads\/2014\/08\/rod-e1409238389203.jpg\"><img loading=\"lazy\" decoding=\"async\" aria-describedby=\"caption-attachment-696\" class=\"wp-image-696\" src=\"http:\/\/www.asyachting.fr\/wp-content\/uploads\/2014\/08\/rod-e1409238389203.jpg\" alt=\"Rod Tr\u00e8s faible allongement et diam\u00e8tre constant par rapport aux c\u00e2bles mais dur\u00e9e de vie plus courte\" width=\"120\" height=\"97\" \/><\/a><p id=\"caption-attachment-696\" class=\"wp-caption-text\">Rod<br \/> Tr\u00e8s faible allongement et diam\u00e8tre constant par rapport aux c\u00e2bles mais dur\u00e9e de vie plus courte<\/p><\/div>\n<p>&nbsp;<\/p>\n<p>&nbsp;<\/p>\n<p>&nbsp;<\/p>\n<p>&nbsp;<\/p>\n<p>&nbsp;<\/p>\n<p>&nbsp;<\/p>\n<p>&nbsp;<\/p>\n<p>&nbsp;<\/p>\n<p>&nbsp;<\/p>\n<p>&nbsp;<\/p>\n<p>&nbsp;<\/p>\n<p>&nbsp;<\/p>\n<p>&nbsp;<\/p>\n<p>&nbsp;<\/p>\n<p>&nbsp;<\/p>\n<p>&nbsp;<\/p>\n<p>&nbsp;<\/p>\n<p>&#8211; Installation, r\u00e9paration enrouleurs&#8230;<\/p>\n<div id=\"attachment_701\" style=\"width: 160px\" class=\"wp-caption alignleft\"><a href=\"http:\/\/www.asyachting.fr\/wp-content\/uploads\/2014\/08\/IMG_1839.jpg\"><img loading=\"lazy\" decoding=\"async\" aria-describedby=\"caption-attachment-701\" class=\"wp-image-701 size-thumbnail\" src=\"http:\/\/www.asyachting.fr\/wp-content\/uploads\/2014\/08\/IMG_1839-150x150.jpg\" alt=\"Pose d'un enrouleur hydraulique sur voilier de 40 m acier\" width=\"150\" height=\"150\" \/><\/a><p id=\"caption-attachment-701\" class=\"wp-caption-text\">Pose d&rsquo;un enrouleur hydraulique sur voilier de 40 m acier<\/p><\/div>\n<p><a href=\"http:\/\/www.asyachting.fr\/wp-content\/uploads\/2014\/08\/IMG_1840.jpg\"><img loading=\"lazy\" decoding=\"async\" class=\"alignleft size-thumbnail wp-image-703\" src=\"http:\/\/www.asyachting.fr\/wp-content\/uploads\/2014\/08\/IMG_1840-150x150.jpg\" alt=\"IMG_1840\" width=\"150\" height=\"150\" \/><\/a><\/p>\n<p><a href=\"http:\/\/www.asyachting.fr\/wp-content\/uploads\/2014\/08\/IMG_18421.jpg\"><img loading=\"lazy\" decoding=\"async\" class=\"alignleft size-thumbnail wp-image-707\" src=\"http:\/\/www.asyachting.fr\/wp-content\/uploads\/2014\/08\/IMG_18421-150x150.jpg\" alt=\"IMG_1842\" width=\"150\" height=\"150\" \/><\/a><\/p>\n<p>&nbsp;<\/p>\n<p>&nbsp;<\/p>\n<p>&nbsp;<\/p>\n<p>&nbsp;<\/p>\n","protected":false},"excerpt":{"rendered":"<p>&#8211; Toute intervention sur m\u00e2t (c\u00e2blage \u00e9lectrique, \u00e9quipements t\u00eate de m\u00e2t&#8230;) &#8211; Changement de m\u00e2t, nous travaillons avec plusieurs marques afin de proposer des solutions adapt\u00e9es au programme de navigation du bateau et au budget de son propri\u00e9taire&#8230; &nbsp; &nbsp; &hellip; <a href=\"https:\/\/asyachting.fr\/?page_id=688\">Continuer la lecture <span class=\"meta-nav\">&rarr;<\/span><\/a><\/p>\n","protected":false},"author":1,"featured_media":0,"parent":0,"menu_order":0,"comment_status":"closed","ping_status":"closed","template":"","meta":{"footnotes":""},"class_list":["post-688","page","type-page","status-publish","hentry"],"_links":{"self":[{"href":"https:\/\/asyachting.fr\/index.php?rest_route=\/wp\/v2\/pages\/688","targetHints":{"allow":["GET"]}}],"collection":[{"href":"https:\/\/asyachting.fr\/index.php?rest_route=\/wp\/v2\/pages"}],"about":[{"href":"https:\/\/asyachting.fr\/index.php?rest_route=\/wp\/v2\/types\/page"}],"author":[{"embeddable":true,"href":"https:\/\/asyachting.fr\/index.php?rest_route=\/wp\/v2\/users\/1"}],"replies":[{"embeddable":true,"href":"https:\/\/asyachting.fr\/index.php?rest_route=%2Fwp%2Fv2%2Fcomments&post=688"}],"version-history":[{"count":12,"href":"https:\/\/asyachting.fr\/index.php?rest_route=\/wp\/v2\/pages\/688\/revisions"}],"predecessor-version":[{"id":927,"href":"https:\/\/asyachting.fr\/index.php?rest_route=\/wp\/v2\/pages\/688\/revisions\/927"}],"wp:attachment":[{"href":"https:\/\/asyachting.fr\/index.php?rest_route=%2Fwp%2Fv2%2Fmedia&parent=688"}],"curies":[{"name":"wp","href":"https:\/\/api.w.org\/{rel}","templated":true}]}}