{"id":886,"date":"2017-04-01T20:33:57","date_gmt":"2017-04-01T20:33:57","guid":{"rendered":"http:\/\/www.asyachting.fr\/?page_id=886"},"modified":"2023-07-15T08:08:52","modified_gmt":"2023-07-15T08:08:52","slug":"voilerie","status":"publish","type":"page","link":"https:\/\/asyachting.fr\/?page_id=886","title":{"rendered":"VOILERIE"},"content":{"rendered":"<p><a href=\"http:\/\/asyachting.fr\/wp-content\/uploads\/2013\/05\/1.png\"><img loading=\"lazy\" decoding=\"async\" class=\"alignleft size-large wp-image-957\" src=\"http:\/\/asyachting.fr\/wp-content\/uploads\/2013\/05\/1-1024x697.png\" alt=\"1\" width=\"584\" height=\"398\" srcset=\"https:\/\/asyachting.fr\/wp-content\/uploads\/2013\/05\/1-1024x697.png 1024w, https:\/\/asyachting.fr\/wp-content\/uploads\/2013\/05\/1-300x204.png 300w, https:\/\/asyachting.fr\/wp-content\/uploads\/2013\/05\/1-441x300.png 441w, https:\/\/asyachting.fr\/wp-content\/uploads\/2013\/05\/1.png 1501w\" sizes=\"auto, (max-width: 584px) 100vw, 584px\" \/><\/a><\/p>\n<p>Vente de voiles Quantum sails et travaux de r\u00e9parations.<\/p>\n<p>Cliquer sur le lien suivant pour acc\u00e9der au site <a href=\"https:\/\/www.quantumsails.com\/en\/default\" target=\"_blank\" rel=\"noopener noreferrer\">Quantum sails<\/a> qui vous pr\u00e9sentera nos voiles.<\/p>\n<p><a href=\"http:\/\/asyachting.fr\/wp-content\/uploads\/2019\/02\/code-0-misconceptions-header.jpg\"><img loading=\"lazy\" decoding=\"async\" class=\"alignleft size-full wp-image-975\" src=\"http:\/\/asyachting.fr\/wp-content\/uploads\/2019\/02\/code-0-misconceptions-header.jpg\" alt=\"code-0-misconceptions-header\" width=\"850\" height=\"566\" srcset=\"https:\/\/asyachting.fr\/wp-content\/uploads\/2019\/02\/code-0-misconceptions-header.jpg 850w, https:\/\/asyachting.fr\/wp-content\/uploads\/2019\/02\/code-0-misconceptions-header-300x200.jpg 300w, https:\/\/asyachting.fr\/wp-content\/uploads\/2019\/02\/code-0-misconceptions-header-451x300.jpg 451w, https:\/\/asyachting.fr\/wp-content\/uploads\/2019\/02\/code-0-misconceptions-header-120x80.jpg 120w\" sizes=\"auto, (max-width: 850px) 100vw, 850px\" \/><\/a><\/p>\n<p><a href=\"http:\/\/www.asyachting.fr\/wp-content\/uploads\/2017\/04\/20170216_1333471.jpg\">&nbsp;<\/a><\/p>\n\n\n<p><strong>Quelques-unes de nos r\u00e9alisations:<\/strong><\/p>\n\n\n\n<p><strong>Membrane fusion M6 pour J112E<\/strong><\/p>\n\n\n\n<figure class=\"wp-block-image size-large\"><img loading=\"lazy\" decoding=\"async\" width=\"1024\" height=\"577\" src=\"http:\/\/asyachting.fr\/wp-content\/uploads\/2023\/07\/d056f972-c6b3-4581-899e-426cb1988644-1024x577.jpg\" alt=\"\" class=\"wp-image-1173\" srcset=\"https:\/\/asyachting.fr\/wp-content\/uploads\/2023\/07\/d056f972-c6b3-4581-899e-426cb1988644-1024x577.jpg 1024w, https:\/\/asyachting.fr\/wp-content\/uploads\/2023\/07\/d056f972-c6b3-4581-899e-426cb1988644-300x169.jpg 300w, https:\/\/asyachting.fr\/wp-content\/uploads\/2023\/07\/d056f972-c6b3-4581-899e-426cb1988644-768x432.jpg 768w, https:\/\/asyachting.fr\/wp-content\/uploads\/2023\/07\/d056f972-c6b3-4581-899e-426cb1988644-1536x865.jpg 1536w, https:\/\/asyachting.fr\/wp-content\/uploads\/2023\/07\/d056f972-c6b3-4581-899e-426cb1988644-500x282.jpg 500w, https:\/\/asyachting.fr\/wp-content\/uploads\/2023\/07\/d056f972-c6b3-4581-899e-426cb1988644.jpg 1600w\" sizes=\"auto, (max-width: 1024px) 100vw, 1024px\" \/><\/figure>\n\n\n\n<figure class=\"wp-block-image size-large\"><img loading=\"lazy\" decoding=\"async\" width=\"577\" height=\"1024\" src=\"http:\/\/asyachting.fr\/wp-content\/uploads\/2023\/07\/81387b20-3680-4dcf-8216-3312d731e5b6-577x1024.jpg\" alt=\"\" class=\"wp-image-1174\" srcset=\"https:\/\/asyachting.fr\/wp-content\/uploads\/2023\/07\/81387b20-3680-4dcf-8216-3312d731e5b6-577x1024.jpg 577w, https:\/\/asyachting.fr\/wp-content\/uploads\/2023\/07\/81387b20-3680-4dcf-8216-3312d731e5b6-169x300.jpg 169w, https:\/\/asyachting.fr\/wp-content\/uploads\/2023\/07\/81387b20-3680-4dcf-8216-3312d731e5b6-768x1364.jpg 768w, https:\/\/asyachting.fr\/wp-content\/uploads\/2023\/07\/81387b20-3680-4dcf-8216-3312d731e5b6-865x1536.jpg 865w, https:\/\/asyachting.fr\/wp-content\/uploads\/2023\/07\/81387b20-3680-4dcf-8216-3312d731e5b6.jpg 901w\" sizes=\"auto, (max-width: 577px) 100vw, 577px\" \/><\/figure>\n\n\n\n<p><strong>Membrane fusion M5 pour J11S<\/strong><\/p>\n\n\n\n<figure class=\"wp-block-image size-large\"><img loading=\"lazy\" decoding=\"async\" width=\"768\" height=\"1024\" src=\"http:\/\/asyachting.fr\/wp-content\/uploads\/2023\/07\/93105f51-96db-4bb5-adc2-1d77a3c91888-1.jpg\" alt=\"\" class=\"wp-image-1168\" srcset=\"https:\/\/asyachting.fr\/wp-content\/uploads\/2023\/07\/93105f51-96db-4bb5-adc2-1d77a3c91888-1.jpg 768w, https:\/\/asyachting.fr\/wp-content\/uploads\/2023\/07\/93105f51-96db-4bb5-adc2-1d77a3c91888-1-225x300.jpg 225w\" sizes=\"auto, (max-width: 768px) 100vw, 768px\" \/><\/figure>\n\n\n\n<figure class=\"wp-block-image size-large\"><img loading=\"lazy\" decoding=\"async\" width=\"1024\" height=\"577\" src=\"http:\/\/asyachting.fr\/wp-content\/uploads\/2023\/07\/2a75ecef-df08-4a8f-8560-73d1cf8c8812-1024x577.jpg\" alt=\"\" class=\"wp-image-1169\" srcset=\"https:\/\/asyachting.fr\/wp-content\/uploads\/2023\/07\/2a75ecef-df08-4a8f-8560-73d1cf8c8812-1024x577.jpg 1024w, https:\/\/asyachting.fr\/wp-content\/uploads\/2023\/07\/2a75ecef-df08-4a8f-8560-73d1cf8c8812-300x169.jpg 300w, https:\/\/asyachting.fr\/wp-content\/uploads\/2023\/07\/2a75ecef-df08-4a8f-8560-73d1cf8c8812-768x432.jpg 768w, https:\/\/asyachting.fr\/wp-content\/uploads\/2023\/07\/2a75ecef-df08-4a8f-8560-73d1cf8c8812-1536x865.jpg 1536w, https:\/\/asyachting.fr\/wp-content\/uploads\/2023\/07\/2a75ecef-df08-4a8f-8560-73d1cf8c8812-500x282.jpg 500w, https:\/\/asyachting.fr\/wp-content\/uploads\/2023\/07\/2a75ecef-df08-4a8f-8560-73d1cf8c8812.jpg 1600w\" sizes=\"auto, (max-width: 1024px) 100vw, 1024px\" \/><\/figure>\n\n\n\n<figure class=\"wp-block-image size-large\"><img loading=\"lazy\" decoding=\"async\" width=\"768\" height=\"1024\" src=\"http:\/\/asyachting.fr\/wp-content\/uploads\/2023\/07\/5e6e032b-3af3-4001-9b7b-e6a1bdb95532-1.jpg\" alt=\"\" class=\"wp-image-1170\" srcset=\"https:\/\/asyachting.fr\/wp-content\/uploads\/2023\/07\/5e6e032b-3af3-4001-9b7b-e6a1bdb95532-1.jpg 768w, https:\/\/asyachting.fr\/wp-content\/uploads\/2023\/07\/5e6e032b-3af3-4001-9b7b-e6a1bdb95532-1-225x300.jpg 225w\" sizes=\"auto, (max-width: 768px) 100vw, 768px\" \/><\/figure>\n\n\n\n<figure class=\"wp-block-image size-large\"><img loading=\"lazy\" decoding=\"async\" width=\"768\" height=\"1024\" src=\"http:\/\/asyachting.fr\/wp-content\/uploads\/2023\/07\/f452c45f-5ad2-4530-b46e-df096d7e89c8-1.jpg\" alt=\"\" class=\"wp-image-1171\" srcset=\"https:\/\/asyachting.fr\/wp-content\/uploads\/2023\/07\/f452c45f-5ad2-4530-b46e-df096d7e89c8-1.jpg 768w, https:\/\/asyachting.fr\/wp-content\/uploads\/2023\/07\/f452c45f-5ad2-4530-b46e-df096d7e89c8-1-225x300.jpg 225w\" sizes=\"auto, (max-width: 768px) 100vw, 768px\" \/><\/figure>\n\n\n\n<p><strong>Viauvy 35<\/strong><\/p>\n\n\n\n<figure class=\"wp-block-image size-large\"><img loading=\"lazy\" decoding=\"async\" width=\"768\" height=\"1024\" src=\"http:\/\/asyachting.fr\/wp-content\/uploads\/2020\/10\/20190104_114744-768x1024.jpg\" alt=\"\" class=\"wp-image-1042\" srcset=\"https:\/\/asyachting.fr\/wp-content\/uploads\/2020\/10\/20190104_114744-768x1024.jpg 768w, https:\/\/asyachting.fr\/wp-content\/uploads\/2020\/10\/20190104_114744-225x300.jpg 225w, https:\/\/asyachting.fr\/wp-content\/uploads\/2020\/10\/20190104_114744-1152x1536.jpg 1152w, https:\/\/asyachting.fr\/wp-content\/uploads\/2020\/10\/20190104_114744-1536x2048.jpg 1536w, https:\/\/asyachting.fr\/wp-content\/uploads\/2020\/10\/20190104_114744-scaled.jpg 1920w\" sizes=\"auto, (max-width: 768px) 100vw, 768px\" \/><\/figure>\n\n\n\n<figure class=\"wp-block-image size-large\"><img loading=\"lazy\" decoding=\"async\" width=\"768\" height=\"1024\" src=\"http:\/\/asyachting.fr\/wp-content\/uploads\/2020\/10\/20190115_102424-768x1024.jpg\" alt=\"\" class=\"wp-image-1045\" srcset=\"https:\/\/asyachting.fr\/wp-content\/uploads\/2020\/10\/20190115_102424-768x1024.jpg 768w, https:\/\/asyachting.fr\/wp-content\/uploads\/2020\/10\/20190115_102424-225x300.jpg 225w, https:\/\/asyachting.fr\/wp-content\/uploads\/2020\/10\/20190115_102424-1152x1536.jpg 1152w, https:\/\/asyachting.fr\/wp-content\/uploads\/2020\/10\/20190115_102424-1536x2048.jpg 1536w, https:\/\/asyachting.fr\/wp-content\/uploads\/2020\/10\/20190115_102424-scaled.jpg 1920w\" sizes=\"auto, (max-width: 768px) 100vw, 768px\" \/><\/figure>\n\n\n\n<figure class=\"wp-block-image size-large\"><img loading=\"lazy\" decoding=\"async\" width=\"1024\" height=\"768\" src=\"http:\/\/asyachting.fr\/wp-content\/uploads\/2020\/10\/20190115_102452-1024x768.jpg\" alt=\"\" class=\"wp-image-1046\" srcset=\"https:\/\/asyachting.fr\/wp-content\/uploads\/2020\/10\/20190115_102452-1024x768.jpg 1024w, https:\/\/asyachting.fr\/wp-content\/uploads\/2020\/10\/20190115_102452-300x225.jpg 300w, https:\/\/asyachting.fr\/wp-content\/uploads\/2020\/10\/20190115_102452-768x576.jpg 768w, https:\/\/asyachting.fr\/wp-content\/uploads\/2020\/10\/20190115_102452-1536x1152.jpg 1536w, https:\/\/asyachting.fr\/wp-content\/uploads\/2020\/10\/20190115_102452-2048x1536.jpg 2048w, https:\/\/asyachting.fr\/wp-content\/uploads\/2020\/10\/20190115_102452-400x300.jpg 400w, https:\/\/asyachting.fr\/wp-content\/uploads\/2020\/10\/20190115_102452-160x120.jpg 160w\" sizes=\"auto, (max-width: 1024px) 100vw, 1024px\" \/><\/figure>\n\n\n\n<figure class=\"wp-block-image size-large\"><img loading=\"lazy\" decoding=\"async\" width=\"768\" height=\"1024\" src=\"http:\/\/asyachting.fr\/wp-content\/uploads\/2020\/10\/20190115_102415-768x1024.jpg\" alt=\"\" class=\"wp-image-1044\" srcset=\"https:\/\/asyachting.fr\/wp-content\/uploads\/2020\/10\/20190115_102415-768x1024.jpg 768w, https:\/\/asyachting.fr\/wp-content\/uploads\/2020\/10\/20190115_102415-225x300.jpg 225w, https:\/\/asyachting.fr\/wp-content\/uploads\/2020\/10\/20190115_102415-1152x1536.jpg 1152w, https:\/\/asyachting.fr\/wp-content\/uploads\/2020\/10\/20190115_102415-1536x2048.jpg 1536w, https:\/\/asyachting.fr\/wp-content\/uploads\/2020\/10\/20190115_102415-scaled.jpg 1920w\" sizes=\"auto, (max-width: 768px) 100vw, 768px\" \/><\/figure>\n\n\n\n<figure class=\"wp-block-image size-large\"><img loading=\"lazy\" decoding=\"async\" width=\"768\" height=\"1024\" src=\"http:\/\/asyachting.fr\/wp-content\/uploads\/2020\/10\/20190115_102326-768x1024.jpg\" alt=\"\" class=\"wp-image-1043\" srcset=\"https:\/\/asyachting.fr\/wp-content\/uploads\/2020\/10\/20190115_102326-768x1024.jpg 768w, https:\/\/asyachting.fr\/wp-content\/uploads\/2020\/10\/20190115_102326-225x300.jpg 225w, https:\/\/asyachting.fr\/wp-content\/uploads\/2020\/10\/20190115_102326-1152x1536.jpg 1152w, https:\/\/asyachting.fr\/wp-content\/uploads\/2020\/10\/20190115_102326-1536x2048.jpg 1536w, https:\/\/asyachting.fr\/wp-content\/uploads\/2020\/10\/20190115_102326-scaled.jpg 1920w\" sizes=\"auto, (max-width: 768px) 100vw, 768px\" \/><\/figure>\n\n\n\n<p><strong>Salona 37<\/strong><\/p>\n\n\n\n<figure class=\"wp-block-image size-large\"><img loading=\"lazy\" decoding=\"async\" width=\"768\" height=\"1024\" src=\"http:\/\/asyachting.fr\/wp-content\/uploads\/2020\/10\/20190511_102002-768x1024.jpg\" alt=\"\" class=\"wp-image-1048\" srcset=\"https:\/\/asyachting.fr\/wp-content\/uploads\/2020\/10\/20190511_102002-768x1024.jpg 768w, https:\/\/asyachting.fr\/wp-content\/uploads\/2020\/10\/20190511_102002-225x300.jpg 225w, https:\/\/asyachting.fr\/wp-content\/uploads\/2020\/10\/20190511_102002-1152x1536.jpg 1152w, https:\/\/asyachting.fr\/wp-content\/uploads\/2020\/10\/20190511_102002-1536x2048.jpg 1536w, https:\/\/asyachting.fr\/wp-content\/uploads\/2020\/10\/20190511_102002-scaled.jpg 1920w\" sizes=\"auto, (max-width: 768px) 100vw, 768px\" \/><\/figure>\n\n\n\n<figure class=\"wp-block-image size-large\"><img loading=\"lazy\" decoding=\"async\" width=\"768\" height=\"1024\" src=\"http:\/\/asyachting.fr\/wp-content\/uploads\/2020\/10\/20190511_102329-768x1024.jpg\" alt=\"\" class=\"wp-image-1049\" srcset=\"https:\/\/asyachting.fr\/wp-content\/uploads\/2020\/10\/20190511_102329-768x1024.jpg 768w, https:\/\/asyachting.fr\/wp-content\/uploads\/2020\/10\/20190511_102329-225x300.jpg 225w, https:\/\/asyachting.fr\/wp-content\/uploads\/2020\/10\/20190511_102329-1152x1536.jpg 1152w, https:\/\/asyachting.fr\/wp-content\/uploads\/2020\/10\/20190511_102329-1536x2048.jpg 1536w, https:\/\/asyachting.fr\/wp-content\/uploads\/2020\/10\/20190511_102329-scaled.jpg 1920w\" sizes=\"auto, (max-width: 768px) 100vw, 768px\" \/><\/figure>\n\n\n\n<p><strong>Pogo 30<\/strong><\/p>\n\n\n\n<figure class=\"wp-block-image size-large\"><img loading=\"lazy\" decoding=\"async\" width=\"768\" height=\"1024\" src=\"http:\/\/asyachting.fr\/wp-content\/uploads\/2020\/10\/Copie-de-20190511_103927-768x1024.jpg\" alt=\"\" class=\"wp-image-1051\" srcset=\"https:\/\/asyachting.fr\/wp-content\/uploads\/2020\/10\/Copie-de-20190511_103927-768x1024.jpg 768w, https:\/\/asyachting.fr\/wp-content\/uploads\/2020\/10\/Copie-de-20190511_103927-225x300.jpg 225w, https:\/\/asyachting.fr\/wp-content\/uploads\/2020\/10\/Copie-de-20190511_103927-1152x1536.jpg 1152w, https:\/\/asyachting.fr\/wp-content\/uploads\/2020\/10\/Copie-de-20190511_103927-1536x2048.jpg 1536w, https:\/\/asyachting.fr\/wp-content\/uploads\/2020\/10\/Copie-de-20190511_103927-scaled.jpg 1920w\" sizes=\"auto, (max-width: 768px) 100vw, 768px\" \/><\/figure>\n\n\n\n<figure class=\"wp-block-image size-large\"><img loading=\"lazy\" decoding=\"async\" width=\"768\" height=\"1024\" src=\"http:\/\/asyachting.fr\/wp-content\/uploads\/2020\/10\/Copie-de-20190511_104318-768x1024.jpg\" alt=\"\" class=\"wp-image-1052\" srcset=\"https:\/\/asyachting.fr\/wp-content\/uploads\/2020\/10\/Copie-de-20190511_104318-768x1024.jpg 768w, https:\/\/asyachting.fr\/wp-content\/uploads\/2020\/10\/Copie-de-20190511_104318-225x300.jpg 225w, https:\/\/asyachting.fr\/wp-content\/uploads\/2020\/10\/Copie-de-20190511_104318-1152x1536.jpg 1152w, https:\/\/asyachting.fr\/wp-content\/uploads\/2020\/10\/Copie-de-20190511_104318-1536x2048.jpg 1536w, https:\/\/asyachting.fr\/wp-content\/uploads\/2020\/10\/Copie-de-20190511_104318-scaled.jpg 1920w\" sizes=\"auto, (max-width: 768px) 100vw, 768px\" \/><\/figure>\n\n\n\n<figure class=\"wp-block-image size-large\"><img loading=\"lazy\" decoding=\"async\" width=\"768\" height=\"1024\" src=\"http:\/\/asyachting.fr\/wp-content\/uploads\/2020\/10\/Copie-de-20190511_104323-768x1024.jpg\" alt=\"\" class=\"wp-image-1053\" srcset=\"https:\/\/asyachting.fr\/wp-content\/uploads\/2020\/10\/Copie-de-20190511_104323-768x1024.jpg 768w, https:\/\/asyachting.fr\/wp-content\/uploads\/2020\/10\/Copie-de-20190511_104323-225x300.jpg 225w, https:\/\/asyachting.fr\/wp-content\/uploads\/2020\/10\/Copie-de-20190511_104323-1152x1536.jpg 1152w, https:\/\/asyachting.fr\/wp-content\/uploads\/2020\/10\/Copie-de-20190511_104323-1536x2048.jpg 1536w, https:\/\/asyachting.fr\/wp-content\/uploads\/2020\/10\/Copie-de-20190511_104323-scaled.jpg 1920w\" sizes=\"auto, (max-width: 768px) 100vw, 768px\" \/><\/figure>\n\n\n\n<figure class=\"wp-block-image size-large\"><img loading=\"lazy\" decoding=\"async\" width=\"768\" height=\"1024\" src=\"http:\/\/asyachting.fr\/wp-content\/uploads\/2020\/10\/Copie-de-20190511_104434-768x1024.jpg\" alt=\"\" class=\"wp-image-1054\" srcset=\"https:\/\/asyachting.fr\/wp-content\/uploads\/2020\/10\/Copie-de-20190511_104434-768x1024.jpg 768w, https:\/\/asyachting.fr\/wp-content\/uploads\/2020\/10\/Copie-de-20190511_104434-225x300.jpg 225w, https:\/\/asyachting.fr\/wp-content\/uploads\/2020\/10\/Copie-de-20190511_104434-1152x1536.jpg 1152w, https:\/\/asyachting.fr\/wp-content\/uploads\/2020\/10\/Copie-de-20190511_104434-1536x2048.jpg 1536w, https:\/\/asyachting.fr\/wp-content\/uploads\/2020\/10\/Copie-de-20190511_104434-scaled.jpg 1920w\" sizes=\"auto, (max-width: 768px) 100vw, 768px\" \/><\/figure>\n","protected":false},"excerpt":{"rendered":"<p>Vente de voiles Quantum sails et travaux de r\u00e9parations. Cliquer sur le lien suivant pour acc\u00e9der au site Quantum sails qui vous pr\u00e9sentera nos voiles. &nbsp; Quelques-unes de nos r\u00e9alisations: Membrane fusion M6 pour J112E Membrane fusion M5 pour J11S &hellip; <a href=\"https:\/\/asyachting.fr\/?page_id=886\">Continuer la lecture <span class=\"meta-nav\">&rarr;<\/span><\/a><\/p>\n","protected":false},"author":1,"featured_media":0,"parent":0,"menu_order":0,"comment_status":"closed","ping_status":"closed","template":"","meta":{"footnotes":""},"class_list":["post-886","page","type-page","status-publish","hentry"],"_links":{"self":[{"href":"https:\/\/asyachting.fr\/index.php?rest_route=\/wp\/v2\/pages\/886","targetHints":{"allow":["GET"]}}],"collection":[{"href":"https:\/\/asyachting.fr\/index.php?rest_route=\/wp\/v2\/pages"}],"about":[{"href":"https:\/\/asyachting.fr\/index.php?rest_route=\/wp\/v2\/types\/page"}],"author":[{"embeddable":true,"href":"https:\/\/asyachting.fr\/index.php?rest_route=\/wp\/v2\/users\/1"}],"replies":[{"embeddable":true,"href":"https:\/\/asyachting.fr\/index.php?rest_route=%2Fwp%2Fv2%2Fcomments&post=886"}],"version-history":[{"count":14,"href":"https:\/\/asyachting.fr\/index.php?rest_route=\/wp\/v2\/pages\/886\/revisions"}],"predecessor-version":[{"id":1175,"href":"https:\/\/asyachting.fr\/index.php?rest_route=\/wp\/v2\/pages\/886\/revisions\/1175"}],"wp:attachment":[{"href":"https:\/\/asyachting.fr\/index.php?rest_route=%2Fwp%2Fv2%2Fmedia&parent=886"}],"curies":[{"name":"wp","href":"https:\/\/api.w.org\/{rel}","templated":true}]}}